{"id":2439,"date":"2021-11-19T17:28:04","date_gmt":"2021-11-19T16:28:04","guid":{"rendered":"http:\/\/www.augustaeventi.com\/?page_id=2439"},"modified":"2021-12-03T16:01:39","modified_gmt":"2021-12-03T15:01:39","slug":"so-good","status":"publish","type":"page","link":"https:\/\/www.augustaeventi.com\/?page_id=2439","title":{"rendered":"so good"},"content":{"rendered":"<p><img loading=\"lazy\" decoding=\"async\" class=\"\" src=\"http:\/\/www.augustaeventi.com\/wp-content\/uploads\/2021\/11\/d3e17e36-c818-4c43-ac0d-aec9bb1fcec1.jpeg\" width=\"605\" height=\"454\" \/><\/p>\n<p style=\"text-align: center;\">Consulta<\/p>\n<p style=\"text-align: center;\">i nostri men\u00f9:<\/p>\n<p style=\"text-align: center;\"><a href=\"http:\/\/www.augustaeventi.com\/wp-content\/uploads\/2021\/12\/Menu-So-Good.pdf\">Men\u00f9 al tavolo<\/a><\/p>\n<p style=\"text-align: center;\"><a href=\"http:\/\/www.augustaeventi.com\/wp-content\/uploads\/2021\/12\/Menu-So-Good_Take-Away.pdf\">Men\u00f9 da asporto<\/a><\/p>\n<p>Per metterVi in contatto con noi potete utilizzare:<\/p>\n<p>Telefono:\u00a0<strong>\u00a0<\/strong><span data-dtype=\"d3ifr\" data-local-attribute=\"d3ph\">0931 1852693<\/span><\/p>\n<p>Ci troviamo in: Via G. Garibaldi 22\u00a0 &#8211;\u00a0 96011 Augusta (SR)<\/p>\n<p><iframe loading=\"lazy\" style=\"border: 0;\" src=\"https:\/\/www.google.com\/maps\/embed?pb=!1m18!1m12!1m3!1d3176.6854780515264!2d15.216875760220885!3d37.23144072944304!2m3!1f0!2f0!3f0!3m2!1i1024!2i768!4f13.1!3m3!1m2!1s0x1313db4d4d743791%3A0xc656fc7fad18f36a!2sVia%20Garibaldi%2C%2022%2C%2096011%20Augusta%20SR!5e0!3m2!1sit!2sit!4v1637341731748!5m2!1sit!2sit\" width=\"600\" height=\"450\" allowfullscreen=\"allowfullscreen\"><\/iframe><\/p>\n<p><img loading=\"lazy\" decoding=\"async\" class=\"\" src=\"http:\/\/www.augustaeventi.com\/wp-content\/uploads\/2021\/11\/be69c0c7-abdf-4693-bf3a-e194ecd176d2.jpeg\" width=\"601\" height=\"801\" \/><\/p>\n<p><img loading=\"lazy\" decoding=\"async\" class=\"\" src=\"http:\/\/www.augustaeventi.com\/wp-content\/uploads\/2021\/11\/5fdd41e8-811d-439a-97f1-b6ca68ace4b1.jpeg\" width=\"601\" height=\"451\" \/><\/p>\n<p style=\"text-align: center;\">Inquadra con il tuo telefonino i nostri QrCode per visualizzare i nostri menu&#8217;<\/p>\n<p style=\"text-align: center;\"><img decoding=\"async\" class=\"\" src=\"http:\/\/www.augustaeventi.com\/wp-content\/uploads\/2021\/12\/qrcode_so-good_tavolo.png\" width=\"194\" height=\"279 \" \/><\/p>\n<p style=\"text-align: center;\">Men\u00f9 al tavolo<\/p>\n<p>&nbsp;<\/p>\n<p style=\"text-align: center;\"><img loading=\"lazy\" decoding=\"async\" class=\"\" src=\"http:\/\/www.augustaeventi.com\/wp-content\/uploads\/2021\/12\/qrcode_so-good_asporto.png\" width=\"194\" height=\"279\" \/><\/p>\n<p style=\"text-align: center;\">Menu da asporto<\/p>\n<p>&nbsp;<\/p>\n<p style=\"text-align: center;\">Inquadra con il tuo telefonino il nostro QrCode per salvare i nostri contatti nella tua rubrica.<\/p>\n<p>&nbsp;<\/p>\n<p style=\"text-align: center;\"><img loading=\"lazy\" decoding=\"async\" class=\"\" src=\"http:\/\/www.augustaeventi.com\/wp-content\/uploads\/2021\/11\/qrcode_so-good_vcard.png\" width=\"194\" height=\"279\" \/><\/p>\n","protected":false},"excerpt":{"rendered":"<p>Consulta i nostri men\u00f9: Men\u00f9 al tavolo Men\u00f9 da asporto Per metterVi in contatto con noi potete utilizzare: Telefono:\u00a0\u00a00931 1852693 Ci troviamo in: Via G. Garibaldi 22\u00a0 &#8211;\u00a0 96011 Augusta (SR) Inquadra con il tuo telefonino i nostri QrCode per<\/p>\n","protected":false},"author":1,"featured_media":0,"parent":0,"menu_order":0,"comment_status":"closed","ping_status":"closed","template":"","meta":{"footnotes":""},"class_list":["post-2439","page","type-page","status-publish","hentry"],"_links":{"self":[{"href":"https:\/\/www.augustaeventi.com\/index.php?rest_route=\/wp\/v2\/pages\/2439","targetHints":{"allow":["GET"]}}],"collection":[{"href":"https:\/\/www.augustaeventi.com\/index.php?rest_route=\/wp\/v2\/pages"}],"about":[{"href":"https:\/\/www.augustaeventi.com\/index.php?rest_route=\/wp\/v2\/types\/page"}],"author":[{"embeddable":true,"href":"https:\/\/www.augustaeventi.com\/index.php?rest_route=\/wp\/v2\/users\/1"}],"replies":[{"embeddable":true,"href":"https:\/\/www.augustaeventi.com\/index.php?rest_route=%2Fwp%2Fv2%2Fcomments&post=2439"}],"version-history":[{"count":25,"href":"https:\/\/www.augustaeventi.com\/index.php?rest_route=\/wp\/v2\/pages\/2439\/revisions"}],"predecessor-version":[{"id":2488,"href":"https:\/\/www.augustaeventi.com\/index.php?rest_route=\/wp\/v2\/pages\/2439\/revisions\/2488"}],"wp:attachment":[{"href":"https:\/\/www.augustaeventi.com\/index.php?rest_route=%2Fwp%2Fv2%2Fmedia&parent=2439"}],"curies":[{"name":"wp","href":"https:\/\/api.w.org\/{rel}","templated":true}]}}